{"id":4114,"date":"2024-04-25T22:56:01","date_gmt":"2024-04-25T21:56:01","guid":{"rendered":"https:\/\/faithtoursturkey.com\/?page_id=4114"},"modified":"2024-05-20T17:34:34","modified_gmt":"2024-05-20T16:34:34","slug":"in-the-footsteps-of-saints-a-turkish-pilgrimage","status":"publish","type":"page","link":"https:\/\/faithtoursturkey.com\/index.php\/in-the-footsteps-of-saints-a-turkish-pilgrimage\/","title":{"rendered":"In the Footsteps of Saints: A Turkish Pilgrimage"},"content":{"rendered":"\t\t<div data-elementor-type=\"wp-page\" data-elementor-id=\"4114\" class=\"elementor elementor-4114\">\n\t\t\t\t<div class=\"elementor-element elementor-element-4ddfeec e-flex e-con-boxed e-con e-parent\" data-id=\"4ddfeec\" data-element_type=\"container\">\n\t\t\t\t\t<div class=\"e-con-inner\">\n\t\t\t\t<div class=\"elementor-element elementor-element-f50d5d4 elementor-widget elementor-widget-heading\" data-id=\"f50d5d4\" data-element_type=\"widget\" data-widget_type=\"heading.default\">\n\t\t\t\t<div class=\"elementor-widget-container\">\n\t\t\t\t\t<h2 class=\"elementor-heading-title elementor-size-default\">In the Footsteps of Saints: A Turkish Pilgrimage<\/h2>\t\t\t\t<\/div>\n\t\t\t\t<\/div>\n\t\t\t\t\t<\/div>\n\t\t\t\t<\/div>\n\t\t<div class=\"elementor-element elementor-element-8e6e0cc e-flex e-con-boxed e-con e-parent\" data-id=\"8e6e0cc\" data-element_type=\"container\">\n\t\t\t\t\t<div class=\"e-con-inner\">\n\t\t\t\t<div class=\"elementor-element elementor-element-97ece73 elementor-widget elementor-widget-heading\" data-id=\"97ece73\" data-element_type=\"widget\" data-widget_type=\"heading.default\">\n\t\t\t\t<div class=\"elementor-widget-container\">\n\t\t\t\t\t<h2 class=\"elementor-heading-title elementor-size-default\">Duration: 11 Days 10 Nights<\/h2>\t\t\t\t<\/div>\n\t\t\t\t<\/div>\n\t\t\t\t\t<\/div>\n\t\t\t\t<\/div>\n\t\t<div class=\"elementor-element elementor-element-f2d81f8 e-flex e-con-boxed e-con e-parent\" data-id=\"f2d81f8\" data-element_type=\"container\">\n\t\t\t\t\t<div class=\"e-con-inner\">\n\t\t\t\t<div class=\"elementor-element elementor-element-49ac35d elementor-widget elementor-widget-text-editor\" data-id=\"49ac35d\" data-element_type=\"widget\" data-widget_type=\"text-editor.default\">\n\t\t\t\t<div class=\"elementor-widget-container\">\n\t\t\t\t\t\t\t\t\t<p><b>Day 1: Arrive in Istanbul\u00a0<\/b><\/p><ul><li style=\"font-weight: 400;\" aria-level=\"1\"><span style=\"font-weight: 400;\">Welcome to <\/span><b>Istanbul<\/b><span style=\"font-weight: 400;\">, where <\/span><b>Europe meets Asia!<\/b><span style=\"font-weight: 400;\"> Echoes of ancient empires blend with the pulse of a modern metropolis, and your Turkish adventure begins.<\/span><\/li><li style=\"font-weight: 400;\" aria-level=\"1\"><span style=\"font-weight: 400;\">Overnight stay in Istanbul.<\/span><\/li><\/ul><p><b>Day 2: Istanbul<\/b><\/p><ul><li style=\"font-weight: 400;\" aria-level=\"1\"><span style=\"font-weight: 400;\">Discover Istanbul&#8217;s iconic treasures:\u00a0 Explore the magnificent<\/span><b> Hagia Sophia<\/b><span style=\"font-weight: 400;\">, marvel at the <\/span><b>Blue Mosque<\/b><span style=\"font-weight: 400;\">&#8216;s intricate tiles, and delve into Ottoman history at <\/span><b>Topkapi Palace<\/b><span style=\"font-weight: 400;\">. Experience the blend of <\/span><b>Byzantine<\/b><span style=\"font-weight: 400;\"> and <\/span><b>Ottoman<\/b><span style=\"font-weight: 400;\"> heritage in this captivating city.<\/span><\/li><li style=\"font-weight: 400;\" aria-level=\"1\"><span style=\"font-weight: 400;\">Escape the city bustle on a <\/span><b>Bosphorus boat tour<\/b><span style=\"font-weight: 400;\">.\u00a0 Admire Istanbul&#8217;s skyline, bridges, and picturesque villages from the water, enjoying a unique perspective and a relaxing journey.<\/span><\/li><li style=\"font-weight: 400;\" aria-level=\"1\"><span style=\"font-weight: 400;\">Overnight stay in Istanbul.<\/span><\/li><\/ul><p><b>Day 3: Iznik (Nicea)<\/b><\/p><ul><li style=\"font-weight: 400;\" aria-level=\"1\"><span style=\"font-weight: 400;\">Bus trip to <\/span><b>Iznik (ancient Nicea)<\/b><span style=\"font-weight: 400;\">, a city of historical and religious significance. Explore its Byzantine heritage, including the Hagia Sophia, where the <\/span><b>Nicene Council <\/b><span style=\"font-weight: 400;\">convened in 325 AD. As the <\/span><b>1700th anniversary<\/b><span style=\"font-weight: 400;\"> of this pivotal gathering approaches, experience the city where Christian doctrine was shaped and history was made.<\/span><\/li><li style=\"font-weight: 400;\" aria-level=\"1\"><span style=\"font-weight: 400;\">Overnight stay in Iznik<\/span><\/li><\/ul><p><b>Day 4: Izmir (Smyrna)<\/b><\/p><ul><li style=\"font-weight: 400;\" aria-level=\"1\"><b>Flight to Izmir<\/b><span style=\"font-weight: 400;\">, home to the <\/span><b>Church of St. Polycarp<\/b><span style=\"font-weight: 400;\">, <\/span><span style=\"font-weight: 400;\">a revered martyr of the early Church. Explore the ancient <\/span><b>Agora<\/b><span style=\"font-weight: 400;\">, a well-preserved Roman marketplace and <\/span><span style=\"font-weight: 400;\">the landmark <\/span><b>Clock Tower.\u00a0<\/b><\/li><li style=\"font-weight: 400;\" aria-level=\"1\"><span style=\"font-weight: 400;\">Overnight stay in Izmir.<\/span><\/li><\/ul><p><b>Day 5: Ephesus\u00a0<\/b><\/p><ul><li style=\"list-style-type: none;\"><ul><li style=\"font-weight: 400;\" aria-level=\"1\"><span style=\"font-weight: 400;\">Bus trip to <\/span><b>Ephesus. <\/b><span style=\"font-weight: 400;\">Walk the marble streets of Ephesus, where St. Paul preached and the legacy of the early Church echoes amongst the timeless ruins.<\/span><\/li><li style=\"font-weight: 400;\" aria-level=\"1\"><span style=\"font-weight: 400;\">Discover the <\/span><b>House of the Virgin Mary<\/b><span style=\"font-weight: 400;\">, a sacred site believed to be Mary&#8217;s final dwelling place. Experience the tranquility of this revered sanctuary nestled amidst the hills near Ephesus, a place of pilgrimage and reflection.<\/span><\/li><li style=\"font-weight: 400;\" aria-level=\"1\"><span style=\"font-weight: 400;\">Explore the <\/span><b>Basilica of St. John<\/b><span style=\"font-weight: 400;\">, believed to be built over the tomb of the Apostle John. Witness the remains of this once-grand Byzantine church and its enduring significance as a site of Christian pilgrimage near Ephesus.<\/span><\/li><\/ul><\/li><\/ul><ul><li aria-level=\"1\"><span style=\"font-weight: 400;\">Overnight stay in Izmir.<\/span><\/li><\/ul><p><b>Day 6: Cappadocia<\/b><\/p><ul><li aria-level=\"1\"><b>Flight to Kayseri<\/b><\/li><\/ul><ul><li style=\"font-weight: 400;\" aria-level=\"1\"><span style=\"font-weight: 400;\">Bus trip to <\/span><b>Cappadocia<\/b><span style=\"font-weight: 400;\">, filled with fairy chimneys, subterranean cities, and otherworldly landscapes.\u00a0<\/span><\/li><li style=\"font-weight: 400;\" aria-level=\"1\"><span style=\"font-weight: 400;\">Explore G\u00f6reme and \u00dcrg\u00fcp, where <\/span><span style=\"font-weight: 400;\">hidden cave churches tell tales of <\/span><span style=\"font-weight: 400;\">underground cities shaped by early Christians.<\/span><\/li><li style=\"font-weight: 400;\" aria-level=\"1\"><span style=\"font-weight: 400;\">Overnight stay in Cappadocia.<\/span><\/li><\/ul><p><b>Day 7: Full-day Cappadocia exploration\u00a0<\/b><\/p><ul><li style=\"font-weight: 400;\" aria-level=\"1\"><span style=\"font-weight: 400;\">Immerse yourself in Cappadocia&#8217;s unique landscape and history<\/span><\/li><li style=\"font-weight: 400;\" aria-level=\"1\"><span style=\"font-weight: 400;\">Optional activities: Hot air balloon ride, hiking, cave dwellings.<\/span><\/li><li style=\"font-weight: 400;\" aria-level=\"1\"><span style=\"font-weight: 400;\">Overnight stay in Urgup.<\/span><\/li><\/ul><p><b>Day 8: Lycia and Patara\u00a0<\/b><\/p><ul><li aria-level=\"1\"><b>Flight to Dalaman\u00a0<\/b><\/li><\/ul><ul><li style=\"font-weight: 400;\" aria-level=\"1\"><span style=\"font-weight: 400;\">Journey to <\/span><b>Lycia<\/b><span style=\"font-weight: 400;\">, a land of ancient wonders. Explore the dramatic coastline and discover <\/span><b>Patara<\/b><span style=\"font-weight: 400;\">, a magnificent harbor city where St. Paul embarked for Rome and the birthplace of Saint Nicholas (<\/span><b>the inspiration for Santa Claus<\/b><span style=\"font-weight: 400;\">).\u00a0<\/span><\/li><li style=\"font-weight: 400;\" aria-level=\"1\"><span style=\"font-weight: 400;\">Overnight stay in Patara.<\/span><\/li><\/ul><p><b>Day 9: Saklikent Gorge<\/b><\/p><ul><li style=\"font-weight: 400;\" aria-level=\"1\"><span style=\"font-weight: 400;\">Bus trip to <\/span><b>Saklikent Gorge<\/b><span style=\"font-weight: 400;\">. <\/span><span style=\"font-weight: 400;\">Experience the natural wonder of Turkey&#8217;s hidden canyon. Hike along rushing rivers, marvel at towering rock walls, and cool off in cascading waterfalls within this breathtaking natural marvel.<\/span><\/li><li style=\"font-weight: 400;\" aria-level=\"1\"><span style=\"font-weight: 400;\">Afternoon at Patara Beach.<\/span><\/li><li style=\"font-weight: 400;\" aria-level=\"1\"><span style=\"font-weight: 400;\">Overnight in Patara.<\/span><\/li><\/ul><p><b>Day 10: Istanbul<\/b><\/p><ul><li aria-level=\"1\"><b>Flight to Istanbul\u00a0<\/b><\/li><\/ul><ul><li aria-level=\"1\"><span style=\"font-weight: 400;\">Immerse yourself in the vibrant heart of Istanbul. Explore the labyrinthine <\/span><b>Grand Bazaar<\/b><span style=\"font-weight: 400;\">, one of the world&#8217;s oldest and largest covered markets, overflowing with treasures. Inhale the exotic aromas and colors of the <\/span><b>Spice Market<\/b><span style=\"font-weight: 400;\">, a feast for the senses.<\/span><\/li><\/ul><ul><li style=\"font-weight: 400;\" aria-level=\"1\"><span style=\"font-weight: 400;\">Farewell dinner\u00a0<\/span><\/li><li style=\"font-weight: 400;\" aria-level=\"1\"><span style=\"font-weight: 400;\">Overnight stay in Istanbul<\/span><\/li><\/ul><p><b>Day 11: Flight back to the U.S.<\/b><\/p>\t\t\t\t\t\t\t\t<\/div>\n\t\t\t\t<\/div>\n\t\t\t\t\t<\/div>\n\t\t\t\t<\/div>\n\t\t<div class=\"elementor-element elementor-element-a2292b8 e-flex e-con-boxed e-con e-parent\" data-id=\"a2292b8\" data-element_type=\"container\">\n\t\t\t\t\t<div class=\"e-con-inner\">\n\t\t\t\t<div class=\"elementor-element elementor-element-2f1fc34 elementor-widget elementor-widget-heading\" data-id=\"2f1fc34\" data-element_type=\"widget\" data-widget_type=\"heading.default\">\n\t\t\t\t<div class=\"elementor-widget-container\">\n\t\t\t\t\t<h2 class=\"elementor-heading-title elementor-size-default\">WHAT IS INCLUDED:  <\/h2>\t\t\t\t<\/div>\n\t\t\t\t<\/div>\n\t\t\t\t\t<\/div>\n\t\t\t\t<\/div>\n\t\t<div class=\"elementor-element elementor-element-cd25c86 e-flex e-con-boxed e-con e-parent\" data-id=\"cd25c86\" data-element_type=\"container\">\n\t\t\t\t\t<div class=\"e-con-inner\">\n\t\t\t\t<div class=\"elementor-element elementor-element-5cbbc94 elementor-widget elementor-widget-text-editor\" data-id=\"5cbbc94\" data-element_type=\"widget\" data-widget_type=\"text-editor.default\">\n\t\t\t\t<div class=\"elementor-widget-container\">\n\t\t\t\t\t\t\t\t\t<ul><li style=\"font-weight: 400;\" aria-level=\"1\"><span style=\"font-weight: 400;\">All domestic flights in Turkey<\/span><\/li><li style=\"font-weight: 400;\" aria-level=\"1\"><span style=\"font-weight: 400;\">4-5 star Hotels<\/span><\/li><li style=\"font-weight: 400;\" aria-level=\"1\"><span style=\"font-weight: 400;\">All meals (Breakfast + Lunch + Dinner)<\/span><\/li><li style=\"font-weight: 400;\" aria-level=\"1\"><span style=\"font-weight: 400;\">All parking fees and local taxes<\/span><\/li><li style=\"font-weight: 400;\" aria-level=\"1\"><span style=\"font-weight: 400;\">Entrance fees to the sites and places mentioned in the itinerary<\/span><\/li><li style=\"font-weight: 400;\" aria-level=\"1\"><span style=\"font-weight: 400;\">Luxury and A\/C, non-smoking transportation on transfers and daily tours<\/span><\/li><li style=\"font-weight: 400;\" aria-level=\"1\"><span style=\"font-weight: 400;\">English-speaking guide <\/span><\/li><\/ul>\t\t\t\t\t\t\t\t<\/div>\n\t\t\t\t<\/div>\n\t\t\t\t<div class=\"elementor-element elementor-element-4525a77 elementor-widget elementor-widget-heading\" data-id=\"4525a77\" data-element_type=\"widget\" data-widget_type=\"heading.default\">\n\t\t\t\t<div class=\"elementor-widget-container\">\n\t\t\t\t\t<h2 class=\"elementor-heading-title elementor-size-default\">WHAT IS EXCLUDED:<\/h2>\t\t\t\t<\/div>\n\t\t\t\t<\/div>\n\t\t\t\t\t<\/div>\n\t\t\t\t<\/div>\n\t\t<div class=\"elementor-element elementor-element-0dbe527 e-flex e-con-boxed e-con e-parent\" data-id=\"0dbe527\" data-element_type=\"container\">\n\t\t\t\t\t<div class=\"e-con-inner\">\n\t\t\t\t<div class=\"elementor-element elementor-element-a670cf8 elementor-widget elementor-widget-text-editor\" data-id=\"a670cf8\" data-element_type=\"widget\" data-widget_type=\"text-editor.default\">\n\t\t\t\t<div class=\"elementor-widget-container\">\n\t\t\t\t\t\t\t\t\t<ul><li style=\"font-weight: 400;\" aria-level=\"1\"><span style=\"font-weight: 400;\">International flights\u00a0<\/span><\/li><li style=\"font-weight: 400;\" aria-level=\"1\"><span style=\"font-weight: 400;\">Visa fees<\/span><\/li><li style=\"font-weight: 400;\" aria-level=\"1\"><span style=\"font-weight: 400;\">Travel insurance (required)<\/span><\/li><li style=\"font-weight: 400;\" aria-level=\"1\"><span style=\"font-weight: 400;\">Extras at hotels and airports<\/span><\/li><li style=\"font-weight: 400;\" aria-level=\"1\"><span style=\"font-weight: 400;\">Tips to Guide and Driver<\/span><\/li><\/ul>\t\t\t\t\t\t\t\t<\/div>\n\t\t\t\t<\/div>\n\t\t\t\t\t<\/div>\n\t\t\t\t<\/div>\n\t\t<div class=\"elementor-element elementor-element-ca88004 e-flex e-con-boxed e-con e-parent\" data-id=\"ca88004\" data-element_type=\"container\">\n\t\t\t\t\t<div class=\"e-con-inner\">\n\t\t\t\t<div class=\"elementor-element elementor-element-e237795 elementor-widget elementor-widget-heading\" data-id=\"e237795\" data-element_type=\"widget\" data-widget_type=\"heading.default\">\n\t\t\t\t<div class=\"elementor-widget-container\">\n\t\t\t\t\t<h2 class=\"elementor-heading-title elementor-size-default\">NOTES:<\/h2>\t\t\t\t<\/div>\n\t\t\t\t<\/div>\n\t\t\t\t\t<\/div>\n\t\t\t\t<\/div>\n\t\t<div class=\"elementor-element elementor-element-873dd41 e-flex e-con-boxed e-con e-parent\" data-id=\"873dd41\" data-element_type=\"container\">\n\t\t\t\t\t<div class=\"e-con-inner\">\n\t\t\t\t<div class=\"elementor-element elementor-element-d5070f9 elementor-widget elementor-widget-text-editor\" data-id=\"d5070f9\" data-element_type=\"widget\" data-widget_type=\"text-editor.default\">\n\t\t\t\t<div class=\"elementor-widget-container\">\n\t\t\t\t\t\t\t\t\t<ul><li style=\"font-weight: 400;\" aria-level=\"1\"><span style=\"font-weight: 400;\">This tour is for Groups only<\/span><\/li><li style=\"font-weight: 400;\" aria-level=\"1\"><span style=\"font-weight: 400;\">The cost of the tour depends on the size of the group.<\/span><\/li><li style=\"font-weight: 400;\" aria-level=\"1\"><span style=\"font-weight: 400;\">Tour itinerary and sites can be modified depending on your preferences.<\/span><\/li><li style=\"font-weight: 400;\" aria-level=\"1\"><span style=\"font-weight: 400;\">FaithTourstoTurkey reserves the right to modify the tour itinerary due to unforeseen circumstances, such as heavy traffic, weather, and safety, etc.<\/span><\/li><\/ul>\t\t\t\t\t\t\t\t<\/div>\n\t\t\t\t<\/div>\n\t\t\t\t\t<\/div>\n\t\t\t\t<\/div>\n\t\t<div class=\"elementor-element elementor-element-ea6fb42 e-flex e-con-boxed e-con e-parent\" data-id=\"ea6fb42\" data-element_type=\"container\">\n\t\t\t\t\t<div class=\"e-con-inner\">\n\t\t\t\t<div class=\"elementor-element elementor-element-1430efa elementor-widget elementor-widget-heading\" data-id=\"1430efa\" data-element_type=\"widget\" data-widget_type=\"heading.default\">\n\t\t\t\t<div class=\"elementor-widget-container\">\n\t\t\t\t\t<h2 class=\"elementor-heading-title elementor-size-default\">PRICE:<\/h2>\t\t\t\t<\/div>\n\t\t\t\t<\/div>\n\t\t\t\t\t<\/div>\n\t\t\t\t<\/div>\n\t\t<div class=\"elementor-element elementor-element-8958c58 e-flex e-con-boxed e-con e-parent\" data-id=\"8958c58\" data-element_type=\"container\">\n\t\t\t\t\t<div class=\"e-con-inner\">\n\t\t\t\t<div class=\"elementor-element elementor-element-54692dc elementor-widget elementor-widget-text-editor\" data-id=\"54692dc\" data-element_type=\"widget\" data-widget_type=\"text-editor.default\">\n\t\t\t\t<div class=\"elementor-widget-container\">\n\t\t\t\t\t\t\t\t\t<p><span style=\"font-weight: 400;\">Starting from $3995&nbsp;<\/span><\/p>\n<p><span style=\"font-weight: 400;\">Contact us for a quote.<\/span><\/p>\n<p><\/p>\n<p><span style=\"color: #ff0000;\"><a style=\"color: #ff0000;\" href=\"https:\/\/faithtoursturkey.com\/index.php\/contact-us\/\"><strong>CONTACT US<\/strong><\/a><\/span><\/p>\t\t\t\t\t\t\t\t<\/div>\n\t\t\t\t<\/div>\n\t\t\t\t\t<\/div>\n\t\t\t\t<\/div>\n\t\t\t\t<\/div>\n\t\t","protected":false},"excerpt":{"rendered":"<p>In the Footsteps of Saints: A Turkish Pilgrimage Duration: 11 Days 10 Nights Day 1: Arrive in Istanbul\u00a0 Welcome to Istanbul, where Europe meets Asia! Echoes of ancient empires blend with the pulse of a modern metropolis, and your Turkish adventure begins. Overnight stay in Istanbul. Day 2: Istanbul Discover Istanbul&#8217;s iconic treasures:\u00a0 Explore the [&hellip;]<\/p>\n","protected":false},"author":1,"featured_media":0,"parent":0,"menu_order":0,"comment_status":"closed","ping_status":"closed","template":"","meta":{"footnotes":""},"yoast_head":"<!-- This site is optimized with the Yoast SEO plugin v23.2 - https:\/\/yoast.com\/wordpress\/plugins\/seo\/ -->\n<title>In the Footsteps of Saints: A Turkish Pilgrimage - faithtoursturkey.com<\/title>\n<meta name=\"robots\" content=\"index, follow, max-snippet:-1, max-image-preview:large, max-video-preview:-1\" \/>\n<link rel=\"canonical\" href=\"https:\/\/faithtoursturkey.com\/index.php\/in-the-footsteps-of-saints-a-turkish-pilgrimage\/\" \/>\n<meta property=\"og:locale\" content=\"en_US\" \/>\n<meta property=\"og:type\" content=\"article\" \/>\n<meta property=\"og:title\" content=\"In the Footsteps of Saints: A Turkish Pilgrimage - faithtoursturkey.com\" \/>\n<meta property=\"og:description\" content=\"In the Footsteps of Saints: A Turkish Pilgrimage Duration: 11 Days 10 Nights Day 1: Arrive in Istanbul\u00a0 Welcome to Istanbul, where Europe meets Asia! Echoes of ancient empires blend with the pulse of a modern metropolis, and your Turkish adventure begins. Overnight stay in Istanbul. Day 2: Istanbul Discover Istanbul&#8217;s iconic treasures:\u00a0 Explore the [&hellip;]\" \/>\n<meta property=\"og:url\" content=\"https:\/\/faithtoursturkey.com\/index.php\/in-the-footsteps-of-saints-a-turkish-pilgrimage\/\" \/>\n<meta property=\"og:site_name\" content=\"faithtoursturkey.com\" \/>\n<meta property=\"article:modified_time\" content=\"2024-05-20T16:34:34+00:00\" \/>\n<meta name=\"twitter:card\" content=\"summary_large_image\" \/>\n<meta name=\"twitter:label1\" content=\"Est. reading time\" \/>\n\t<meta name=\"twitter:data1\" content=\"3 minutes\" \/>\n<script type=\"application\/ld+json\" class=\"yoast-schema-graph\">{\"@context\":\"https:\/\/schema.org\",\"@graph\":[{\"@type\":\"WebPage\",\"@id\":\"https:\/\/faithtoursturkey.com\/index.php\/in-the-footsteps-of-saints-a-turkish-pilgrimage\/\",\"url\":\"https:\/\/faithtoursturkey.com\/index.php\/in-the-footsteps-of-saints-a-turkish-pilgrimage\/\",\"name\":\"In the Footsteps of Saints: A Turkish Pilgrimage - faithtoursturkey.com\",\"isPartOf\":{\"@id\":\"https:\/\/faithtoursturkey.com\/#website\"},\"datePublished\":\"2024-04-25T21:56:01+00:00\",\"dateModified\":\"2024-05-20T16:34:34+00:00\",\"breadcrumb\":{\"@id\":\"https:\/\/faithtoursturkey.com\/index.php\/in-the-footsteps-of-saints-a-turkish-pilgrimage\/#breadcrumb\"},\"inLanguage\":\"en-US\",\"potentialAction\":[{\"@type\":\"ReadAction\",\"target\":[\"https:\/\/faithtoursturkey.com\/index.php\/in-the-footsteps-of-saints-a-turkish-pilgrimage\/\"]}]},{\"@type\":\"BreadcrumbList\",\"@id\":\"https:\/\/faithtoursturkey.com\/index.php\/in-the-footsteps-of-saints-a-turkish-pilgrimage\/#breadcrumb\",\"itemListElement\":[{\"@type\":\"ListItem\",\"position\":1,\"name\":\"Home\",\"item\":\"https:\/\/faithtoursturkey.com\/\"},{\"@type\":\"ListItem\",\"position\":2,\"name\":\"In the Footsteps of Saints: A Turkish Pilgrimage\"}]},{\"@type\":\"WebSite\",\"@id\":\"https:\/\/faithtoursturkey.com\/#website\",\"url\":\"https:\/\/faithtoursturkey.com\/\",\"name\":\"faithtoursturkey.com\",\"description\":\"Faith Tours Turkey\",\"potentialAction\":[{\"@type\":\"SearchAction\",\"target\":{\"@type\":\"EntryPoint\",\"urlTemplate\":\"https:\/\/faithtoursturkey.com\/?s={search_term_string}\"},\"query-input\":\"required name=search_term_string\"}],\"inLanguage\":\"en-US\"}]}<\/script>\n<!-- \/ Yoast SEO plugin. -->","yoast_head_json":{"title":"In the Footsteps of Saints: A Turkish Pilgrimage - faithtoursturkey.com","robots":{"index":"index","follow":"follow","max-snippet":"max-snippet:-1","max-image-preview":"max-image-preview:large","max-video-preview":"max-video-preview:-1"},"canonical":"https:\/\/faithtoursturkey.com\/index.php\/in-the-footsteps-of-saints-a-turkish-pilgrimage\/","og_locale":"en_US","og_type":"article","og_title":"In the Footsteps of Saints: A Turkish Pilgrimage - faithtoursturkey.com","og_description":"In the Footsteps of Saints: A Turkish Pilgrimage Duration: 11 Days 10 Nights Day 1: Arrive in Istanbul\u00a0 Welcome to Istanbul, where Europe meets Asia! Echoes of ancient empires blend with the pulse of a modern metropolis, and your Turkish adventure begins. Overnight stay in Istanbul. Day 2: Istanbul Discover Istanbul&#8217;s iconic treasures:\u00a0 Explore the [&hellip;]","og_url":"https:\/\/faithtoursturkey.com\/index.php\/in-the-footsteps-of-saints-a-turkish-pilgrimage\/","og_site_name":"faithtoursturkey.com","article_modified_time":"2024-05-20T16:34:34+00:00","twitter_card":"summary_large_image","twitter_misc":{"Est. reading time":"3 minutes"},"schema":{"@context":"https:\/\/schema.org","@graph":[{"@type":"WebPage","@id":"https:\/\/faithtoursturkey.com\/index.php\/in-the-footsteps-of-saints-a-turkish-pilgrimage\/","url":"https:\/\/faithtoursturkey.com\/index.php\/in-the-footsteps-of-saints-a-turkish-pilgrimage\/","name":"In the Footsteps of Saints: A Turkish Pilgrimage - faithtoursturkey.com","isPartOf":{"@id":"https:\/\/faithtoursturkey.com\/#website"},"datePublished":"2024-04-25T21:56:01+00:00","dateModified":"2024-05-20T16:34:34+00:00","breadcrumb":{"@id":"https:\/\/faithtoursturkey.com\/index.php\/in-the-footsteps-of-saints-a-turkish-pilgrimage\/#breadcrumb"},"inLanguage":"en-US","potentialAction":[{"@type":"ReadAction","target":["https:\/\/faithtoursturkey.com\/index.php\/in-the-footsteps-of-saints-a-turkish-pilgrimage\/"]}]},{"@type":"BreadcrumbList","@id":"https:\/\/faithtoursturkey.com\/index.php\/in-the-footsteps-of-saints-a-turkish-pilgrimage\/#breadcrumb","itemListElement":[{"@type":"ListItem","position":1,"name":"Home","item":"https:\/\/faithtoursturkey.com\/"},{"@type":"ListItem","position":2,"name":"In the Footsteps of Saints: A Turkish Pilgrimage"}]},{"@type":"WebSite","@id":"https:\/\/faithtoursturkey.com\/#website","url":"https:\/\/faithtoursturkey.com\/","name":"faithtoursturkey.com","description":"Faith Tours Turkey","potentialAction":[{"@type":"SearchAction","target":{"@type":"EntryPoint","urlTemplate":"https:\/\/faithtoursturkey.com\/?s={search_term_string}"},"query-input":"required name=search_term_string"}],"inLanguage":"en-US"}]}},"_links":{"self":[{"href":"https:\/\/faithtoursturkey.com\/index.php\/wp-json\/wp\/v2\/pages\/4114"}],"collection":[{"href":"https:\/\/faithtoursturkey.com\/index.php\/wp-json\/wp\/v2\/pages"}],"about":[{"href":"https:\/\/faithtoursturkey.com\/index.php\/wp-json\/wp\/v2\/types\/page"}],"author":[{"embeddable":true,"href":"https:\/\/faithtoursturkey.com\/index.php\/wp-json\/wp\/v2\/users\/1"}],"replies":[{"embeddable":true,"href":"https:\/\/faithtoursturkey.com\/index.php\/wp-json\/wp\/v2\/comments?post=4114"}],"version-history":[{"count":7,"href":"https:\/\/faithtoursturkey.com\/index.php\/wp-json\/wp\/v2\/pages\/4114\/revisions"}],"predecessor-version":[{"id":4229,"href":"https:\/\/faithtoursturkey.com\/index.php\/wp-json\/wp\/v2\/pages\/4114\/revisions\/4229"}],"wp:attachment":[{"href":"https:\/\/faithtoursturkey.com\/index.php\/wp-json\/wp\/v2\/media?parent=4114"}],"curies":[{"name":"wp","href":"https:\/\/api.w.org\/{rel}","templated":true}]}}